{"id":78,"date":"2025-03-10T15:18:42","date_gmt":"2025-03-10T15:18:42","guid":{"rendered":"https:\/\/psadvogadorj.com.br\/?page_id=3"},"modified":"2025-08-28T20:17:43","modified_gmt":"2025-08-28T20:17:43","slug":"home","status":"publish","type":"page","link":"https:\/\/psadvogadorj.com.br\/","title":{"rendered":"HOME"},"content":{"rendered":"","protected":false},"excerpt":{"rendered":"","protected":false},"author":1,"featured_media":0,"parent":0,"menu_order":0,"comment_status":"open","ping_status":"closed","template":"","meta":{"footnotes":""},"class_list":["post-78","page","type-page","status-publish","hentry"],"yoast_head":"<!-- This site is optimized with the Yoast SEO plugin v26.9 - https:\/\/yoast.com\/product\/yoast-seo-wordpress\/ -->\n<title>PS Advogado | Direito Criminal e de Fam\u00edlia 24h, Atua\u00e7\u00e3o Nacional<\/title>\n<meta name=\"description\" content=\"Com mais de 10 anos de experi\u00eancia em Direito Criminal e de Fam\u00edlia, o escrit\u00f3rio PS Advogado oferece atendimento estrat\u00e9gico e \u00e9tico em todo o Brasil, 24h por dia. Defesa t\u00e9cnica em audi\u00eancias de cust\u00f3dia, pris\u00f5es em flagrante e casos familiares delicados.\" \/>\n<meta name=\"robots\" content=\"index, follow, max-snippet:-1, max-image-preview:large, max-video-preview:-1\" \/>\n<link rel=\"canonical\" href=\"https:\/\/psadvogadorj.com.br\/\" \/>\n<meta property=\"og:locale\" content=\"pt_BR\" \/>\n<meta property=\"og:type\" content=\"article\" \/>\n<meta property=\"og:title\" content=\"PS Advogado | Direito Criminal e de Fam\u00edlia 24h, Atua\u00e7\u00e3o Nacional\" \/>\n<meta property=\"og:description\" content=\"Com mais de 10 anos de experi\u00eancia em Direito Criminal e de Fam\u00edlia, o escrit\u00f3rio PS Advogado oferece atendimento estrat\u00e9gico e \u00e9tico em todo o Brasil, 24h por dia. Defesa t\u00e9cnica em audi\u00eancias de cust\u00f3dia, pris\u00f5es em flagrante e casos familiares delicados.\" \/>\n<meta property=\"og:url\" content=\"https:\/\/psadvogadorj.com.br\/\" \/>\n<meta property=\"og:site_name\" content=\"PS Advogado \u2013 Defesa Criminal e de Fam\u00edlia com Experi\u00eancia e Agilidade\" \/>\n<meta property=\"article:modified_time\" content=\"2025-08-28T20:17:43+00:00\" \/>\n<meta property=\"og:image\" content=\"https:\/\/psadvogadorj.com.br\/wp-content\/uploads\/2025\/08\/IMG_8145.jpg\" \/>\n\t<meta property=\"og:image:width\" content=\"1200\" \/>\n\t<meta property=\"og:image:height\" content=\"800\" \/>\n\t<meta property=\"og:image:type\" content=\"image\/jpeg\" \/>\n<meta name=\"twitter:card\" content=\"summary_large_image\" \/>\n<script type=\"application\/ld+json\" class=\"yoast-schema-graph\">{\"@context\":\"https:\/\/schema.org\",\"@graph\":[{\"@type\":\"WebPage\",\"@id\":\"https:\/\/psadvogadorj.com.br\/\",\"url\":\"https:\/\/psadvogadorj.com.br\/\",\"name\":\"PS Advogado | Direito Criminal e de Fam\u00edlia 24h, Atua\u00e7\u00e3o Nacional\",\"isPartOf\":{\"@id\":\"https:\/\/psadvogadorj.com.br\/#website\"},\"datePublished\":\"2025-03-10T15:18:42+00:00\",\"dateModified\":\"2025-08-28T20:17:43+00:00\",\"description\":\"Com mais de 10 anos de experi\u00eancia em Direito Criminal e de Fam\u00edlia, o escrit\u00f3rio PS Advogado oferece atendimento estrat\u00e9gico e \u00e9tico em todo o Brasil, 24h por dia. Defesa t\u00e9cnica em audi\u00eancias de cust\u00f3dia, pris\u00f5es em flagrante e casos familiares delicados.\",\"breadcrumb\":{\"@id\":\"https:\/\/psadvogadorj.com.br\/#breadcrumb\"},\"inLanguage\":\"pt-BR\",\"potentialAction\":[{\"@type\":\"ReadAction\",\"target\":[\"https:\/\/psadvogadorj.com.br\/\"]}]},{\"@type\":\"BreadcrumbList\",\"@id\":\"https:\/\/psadvogadorj.com.br\/#breadcrumb\",\"itemListElement\":[{\"@type\":\"ListItem\",\"position\":1,\"name\":\"In\u00edcio\",\"item\":\"https:\/\/psadvogadorj.com.br\/\"},{\"@type\":\"ListItem\",\"position\":2,\"name\":\"HOME\"}]},{\"@type\":\"WebSite\",\"@id\":\"https:\/\/psadvogadorj.com.br\/#website\",\"url\":\"https:\/\/psadvogadorj.com.br\/\",\"name\":\"PS Advogado \u2013 Defesa Criminal e de Fam\u00edlia com Experi\u00eancia e Agilidade\",\"description\":\"Especialistas em Direito Criminal e de Fam\u00edlia, a PS Advogado garante atendimento 24h em todo o pa\u00eds, com destaque para audi\u00eancias de cust\u00f3dia, pris\u00f5es em flagrante e casos familiares complexos.\",\"potentialAction\":[{\"@type\":\"SearchAction\",\"target\":{\"@type\":\"EntryPoint\",\"urlTemplate\":\"https:\/\/psadvogadorj.com.br\/?s={search_term_string}\"},\"query-input\":{\"@type\":\"PropertyValueSpecification\",\"valueRequired\":true,\"valueName\":\"search_term_string\"}}],\"inLanguage\":\"pt-BR\"}]}<\/script>\n<!-- \/ Yoast SEO plugin. -->","yoast_head_json":{"title":"PS Advogado | Direito Criminal e de Fam\u00edlia 24h, Atua\u00e7\u00e3o Nacional","description":"Com mais de 10 anos de experi\u00eancia em Direito Criminal e de Fam\u00edlia, o escrit\u00f3rio PS Advogado oferece atendimento estrat\u00e9gico e \u00e9tico em todo o Brasil, 24h por dia. Defesa t\u00e9cnica em audi\u00eancias de cust\u00f3dia, pris\u00f5es em flagrante e casos familiares delicados.","robots":{"index":"index","follow":"follow","max-snippet":"max-snippet:-1","max-image-preview":"max-image-preview:large","max-video-preview":"max-video-preview:-1"},"canonical":"https:\/\/psadvogadorj.com.br\/","og_locale":"pt_BR","og_type":"article","og_title":"PS Advogado | Direito Criminal e de Fam\u00edlia 24h, Atua\u00e7\u00e3o Nacional","og_description":"Com mais de 10 anos de experi\u00eancia em Direito Criminal e de Fam\u00edlia, o escrit\u00f3rio PS Advogado oferece atendimento estrat\u00e9gico e \u00e9tico em todo o Brasil, 24h por dia. Defesa t\u00e9cnica em audi\u00eancias de cust\u00f3dia, pris\u00f5es em flagrante e casos familiares delicados.","og_url":"https:\/\/psadvogadorj.com.br\/","og_site_name":"PS Advogado \u2013 Defesa Criminal e de Fam\u00edlia com Experi\u00eancia e Agilidade","article_modified_time":"2025-08-28T20:17:43+00:00","og_image":[{"width":1200,"height":800,"url":"https:\/\/psadvogadorj.com.br\/wp-content\/uploads\/2025\/08\/IMG_8145.jpg","type":"image\/jpeg"}],"twitter_card":"summary_large_image","schema":{"@context":"https:\/\/schema.org","@graph":[{"@type":"WebPage","@id":"https:\/\/psadvogadorj.com.br\/","url":"https:\/\/psadvogadorj.com.br\/","name":"PS Advogado | Direito Criminal e de Fam\u00edlia 24h, Atua\u00e7\u00e3o Nacional","isPartOf":{"@id":"https:\/\/psadvogadorj.com.br\/#website"},"datePublished":"2025-03-10T15:18:42+00:00","dateModified":"2025-08-28T20:17:43+00:00","description":"Com mais de 10 anos de experi\u00eancia em Direito Criminal e de Fam\u00edlia, o escrit\u00f3rio PS Advogado oferece atendimento estrat\u00e9gico e \u00e9tico em todo o Brasil, 24h por dia. Defesa t\u00e9cnica em audi\u00eancias de cust\u00f3dia, pris\u00f5es em flagrante e casos familiares delicados.","breadcrumb":{"@id":"https:\/\/psadvogadorj.com.br\/#breadcrumb"},"inLanguage":"pt-BR","potentialAction":[{"@type":"ReadAction","target":["https:\/\/psadvogadorj.com.br\/"]}]},{"@type":"BreadcrumbList","@id":"https:\/\/psadvogadorj.com.br\/#breadcrumb","itemListElement":[{"@type":"ListItem","position":1,"name":"In\u00edcio","item":"https:\/\/psadvogadorj.com.br\/"},{"@type":"ListItem","position":2,"name":"HOME"}]},{"@type":"WebSite","@id":"https:\/\/psadvogadorj.com.br\/#website","url":"https:\/\/psadvogadorj.com.br\/","name":"PS Advogado \u2013 Defesa Criminal e de Fam\u00edlia com Experi\u00eancia e Agilidade","description":"Especialistas em Direito Criminal e de Fam\u00edlia, a PS Advogado garante atendimento 24h em todo o pa\u00eds, com destaque para audi\u00eancias de cust\u00f3dia, pris\u00f5es em flagrante e casos familiares complexos.","potentialAction":[{"@type":"SearchAction","target":{"@type":"EntryPoint","urlTemplate":"https:\/\/psadvogadorj.com.br\/?s={search_term_string}"},"query-input":{"@type":"PropertyValueSpecification","valueRequired":true,"valueName":"search_term_string"}}],"inLanguage":"pt-BR"}]}},"_links":{"self":[{"href":"https:\/\/psadvogadorj.com.br\/index.php\/wp-json\/wp\/v2\/pages\/78","targetHints":{"allow":["GET"]}}],"collection":[{"href":"https:\/\/psadvogadorj.com.br\/index.php\/wp-json\/wp\/v2\/pages"}],"about":[{"href":"https:\/\/psadvogadorj.com.br\/index.php\/wp-json\/wp\/v2\/types\/page"}],"author":[{"embeddable":true,"href":"https:\/\/psadvogadorj.com.br\/index.php\/wp-json\/wp\/v2\/users\/1"}],"replies":[{"embeddable":true,"href":"https:\/\/psadvogadorj.com.br\/index.php\/wp-json\/wp\/v2\/comments?post=78"}],"version-history":[{"count":1,"href":"https:\/\/psadvogadorj.com.br\/index.php\/wp-json\/wp\/v2\/pages\/78\/revisions"}],"predecessor-version":[{"id":144,"href":"https:\/\/psadvogadorj.com.br\/index.php\/wp-json\/wp\/v2\/pages\/78\/revisions\/144"}],"wp:attachment":[{"href":"https:\/\/psadvogadorj.com.br\/index.php\/wp-json\/wp\/v2\/media?parent=78"}],"curies":[{"name":"wp","href":"https:\/\/api.w.org\/{rel}","templated":true}]}}